{"id":3504,"date":"2021-11-30T18:22:30","date_gmt":"2021-11-30T16:22:30","guid":{"rendered":"http:\/\/www.gimnasticna-zveza.si\/?page_id=3504"},"modified":"2021-12-07T22:15:20","modified_gmt":"2021-12-07T20:15:20","slug":"seja-skupscine-gimnasticne-zveze-slovenije","status":"publish","type":"page","link":"https:\/\/www.gimnasticna-zveza.si\/index.php\/seja-skupscine-gimnasticne-zveze-slovenije\/","title":{"rendered":"6. volilna Skup\u0161\u010dina Gimnasti\u010dne zveze Slovenije"},"content":{"rendered":"\t\t<div data-elementor-type=\"wp-page\" data-elementor-id=\"3504\" class=\"elementor elementor-3504\" data-elementor-post-type=\"page\">\n\t\t\t\t\t\t<section class=\"elementor-section elementor-top-section elementor-element elementor-element-d294df4 elementor-section-boxed elementor-section-height-default elementor-section-height-default\" data-id=\"d294df4\" data-element_type=\"section\" data-e-type=\"section\">\n\t\t\t\t\t\t<div class=\"elementor-container elementor-column-gap-default\">\n\t\t\t\t\t<div class=\"elementor-column elementor-col-100 elementor-top-column elementor-element elementor-element-5dcc49e\" data-id=\"5dcc49e\" data-element_type=\"column\" data-e-type=\"column\">\n\t\t\t<div class=\"elementor-widget-wrap elementor-element-populated\">\n\t\t\t\t\t\t<div class=\"elementor-element elementor-element-861795f elementor-widget elementor-widget-spacer\" data-id=\"861795f\" data-element_type=\"widget\" data-e-type=\"widget\" data-widget_type=\"spacer.default\">\n\t\t\t\t<div class=\"elementor-widget-container\">\n\t\t\t\t\t\t\t<div class=\"elementor-spacer\">\n\t\t\t<div class=\"elementor-spacer-inner\"><\/div>\n\t\t<\/div>\n\t\t\t\t\t\t<\/div>\n\t\t\t\t<\/div>\n\t\t\t\t<div class=\"elementor-element elementor-element-2aa65f4 elementor-widget elementor-widget-text-editor\" data-id=\"2aa65f4\" data-element_type=\"widget\" data-e-type=\"widget\" data-widget_type=\"text-editor.default\">\n\t\t\t\t<div class=\"elementor-widget-container\">\n\t\t\t\t\t\t\t\t\t<p style=\"text-align: left;\">Predsednik GZS po sklepu IO GZS, sprejetim na 26. koresponden\u010dni seji organa, sklicuje<\/p><h5 style=\"text-align: center;\"><strong>6. volilno Skup\u0161\u010dino Gimnasti\u010dne zveze Slovenije,<\/strong><br \/><strong>ki bo v sredo, 8. decembra 2021, ob 18. uri,<\/strong><br \/><strong>v kongresni dvorani v 2. nadstropju Kristalne pala\u010de v BTC<\/strong>.<\/h5><p style=\"text-align: left;\">Izvr\u0161ni odbor Gimnasti\u010dne zveze Slovenije je skladno s pooblastili, ki izhajajo iz veljavnega Statuta Gimnasti\u010dne zveze Slovenije, na svoji 26. koresponden\u010dni seji sprejel slede\u010di predlog dnevnega reda:<\/p><ol><li style=\"text-align: left;\">otvoritev skup\u0161\u010dine,<\/li><li style=\"text-align: left;\">izvolitev organov skup\u0161\u010dine:<ol><li style=\"text-align: left;\">delovno predsedstvo,<\/li><li style=\"text-align: left;\">verifikacijska komisija,<\/li><li style=\"text-align: left;\">volilna komisija,<\/li><li style=\"text-align: left;\">imenovanje:<\/li><li style=\"text-align: left;\">enega zapisnikarja,<\/li><li style=\"text-align: left;\">dva overovatelja zapisnika.<\/li><\/ol><\/li><li style=\"text-align: left;\">potrditev predlaganega dnevnega reda 6. volilna seje Skup\u0161\u010dine,<\/li><li style=\"text-align: left;\">pregled in potrditev zapisnika 5. spletne seje Skup\u0161\u010dine GZS z dne 7. 7. 2021,<\/li><li style=\"text-align: left;\">poro\u010dilo predsednika Gimnasti\u010dne zveze Slovenije,<\/li><li style=\"text-align: left;\">predstavitev kandidatov za predsednika Gimnasti\u010dne zveze Slovenije in njihovih programov,<\/li><li style=\"text-align: left;\">volitve:<ol><li style=\"text-align: left;\">predstavitev kandidatov,<\/li><li style=\"text-align: left;\">volitve,<\/li><li style=\"text-align: left;\">poro\u010dilo Volilne komisije.<\/li><\/ol><\/li><li style=\"text-align: left;\">predlog za revizijsko hi\u0161o za revizijo poslovanja v letu 2021,<\/li><li style=\"text-align: left;\">razno.<\/li><\/ol>\t\t\t\t\t\t\t\t<\/div>\n\t\t\t\t<\/div>\n\t\t\t\t<div class=\"elementor-element elementor-element-f4a2820 elementor-widget elementor-widget-spacer\" data-id=\"f4a2820\" data-element_type=\"widget\" data-e-type=\"widget\" data-widget_type=\"spacer.default\">\n\t\t\t\t<div class=\"elementor-widget-container\">\n\t\t\t\t\t\t\t<div class=\"elementor-spacer\">\n\t\t\t<div class=\"elementor-spacer-inner\"><\/div>\n\t\t<\/div>\n\t\t\t\t\t\t<\/div>\n\t\t\t\t<\/div>\n\t\t\t\t\t<\/div>\n\t\t<\/div>\n\t\t\t\t\t<\/div>\n\t\t<\/section>\n\t\t\t\t<section class=\"elementor-section elementor-top-section elementor-element elementor-element-c1be5fe elementor-section-boxed elementor-section-height-default elementor-section-height-default\" data-id=\"c1be5fe\" data-element_type=\"section\" data-e-type=\"section\">\n\t\t\t\t\t\t<div class=\"elementor-container elementor-column-gap-default\">\n\t\t\t\t\t<div class=\"elementor-column elementor-col-100 elementor-top-column elementor-element elementor-element-01d9db4\" data-id=\"01d9db4\" data-element_type=\"column\" data-e-type=\"column\">\n\t\t\t<div class=\"elementor-widget-wrap elementor-element-populated\">\n\t\t\t\t\t\t<div class=\"elementor-element elementor-element-637cf14 elementor-widget elementor-widget-heading\" data-id=\"637cf14\" data-element_type=\"widget\" data-e-type=\"widget\" data-widget_type=\"heading.default\">\n\t\t\t\t<div class=\"elementor-widget-container\">\n\t\t\t\t\t<h4 class=\"elementor-heading-title elementor-size-default\">Kandidatna lista za volitve v organe Gimnasti\u010dne zveze Slovenije<\/h4>\t\t\t\t<\/div>\n\t\t\t\t<\/div>\n\t\t\t\t\t<\/div>\n\t\t<\/div>\n\t\t\t\t\t<\/div>\n\t\t<\/section>\n\t\t\t\t<section class=\"elementor-section elementor-top-section elementor-element elementor-element-0a1ac10 elementor-section-boxed elementor-section-height-default elementor-section-height-default\" data-id=\"0a1ac10\" data-element_type=\"section\" data-e-type=\"section\">\n\t\t\t\t\t\t<div class=\"elementor-container elementor-column-gap-default\">\n\t\t\t\t\t<div class=\"elementor-column elementor-col-100 elementor-top-column elementor-element elementor-element-fbf2fb8\" data-id=\"fbf2fb8\" data-element_type=\"column\" data-e-type=\"column\">\n\t\t\t<div class=\"elementor-widget-wrap elementor-element-populated\">\n\t\t\t\t\t\t<div class=\"elementor-element elementor-element-69a1dfb elementor-tabs-view-horizontal elementor-widget elementor-widget-tabs\" data-id=\"69a1dfb\" data-element_type=\"widget\" data-e-type=\"widget\" data-widget_type=\"tabs.default\">\n\t\t\t\t<div class=\"elementor-widget-container\">\n\t\t\t\t\t\t\t<div class=\"elementor-tabs\">\n\t\t\t<div class=\"elementor-tabs-wrapper\" role=\"tablist\" >\n\t\t\t\t\t\t\t\t\t<div id=\"elementor-tab-title-1101\" class=\"elementor-tab-title elementor-tab-desktop-title\" aria-selected=\"true\" data-tab=\"1\" role=\"tab\" tabindex=\"0\" aria-controls=\"elementor-tab-content-1101\" aria-expanded=\"false\">Predsednik GZS<\/div>\n\t\t\t\t\t\t\t\t\t<div id=\"elementor-tab-title-1102\" class=\"elementor-tab-title elementor-tab-desktop-title\" aria-selected=\"false\" data-tab=\"2\" role=\"tab\" tabindex=\"-1\" aria-controls=\"elementor-tab-content-1102\" aria-expanded=\"false\">Podpredsedniki GZS<\/div>\n\t\t\t\t\t\t\t\t\t<div id=\"elementor-tab-title-1103\" class=\"elementor-tab-title elementor-tab-desktop-title\" aria-selected=\"false\" data-tab=\"3\" role=\"tab\" tabindex=\"-1\" aria-controls=\"elementor-tab-content-1103\" aria-expanded=\"false\">\u010clani Izvr\u0161nega odbora GZS<\/div>\n\t\t\t\t\t\t\t\t\t<div id=\"elementor-tab-title-1104\" class=\"elementor-tab-title elementor-tab-desktop-title\" aria-selected=\"false\" data-tab=\"4\" role=\"tab\" tabindex=\"-1\" aria-controls=\"elementor-tab-content-1104\" aria-expanded=\"false\">Nadzorni odbor GZS<\/div>\n\t\t\t\t\t\t\t\t\t<div id=\"elementor-tab-title-1105\" class=\"elementor-tab-title elementor-tab-desktop-title\" aria-selected=\"false\" data-tab=\"5\" role=\"tab\" tabindex=\"-1\" aria-controls=\"elementor-tab-content-1105\" aria-expanded=\"false\">Disciplinska komisija GZS<\/div>\n\t\t\t\t\t\t\t\t\t<div id=\"elementor-tab-title-1106\" class=\"elementor-tab-title elementor-tab-desktop-title\" aria-selected=\"false\" data-tab=\"6\" role=\"tab\" tabindex=\"-1\" aria-controls=\"elementor-tab-content-1106\" aria-expanded=\"false\">Pano\u017eni odbori GZS<\/div>\n\t\t\t\t\t\t\t\t\t<div id=\"elementor-tab-title-1107\" class=\"elementor-tab-title elementor-tab-desktop-title\" aria-selected=\"false\" data-tab=\"7\" role=\"tab\" tabindex=\"-1\" aria-controls=\"elementor-tab-content-1107\" aria-expanded=\"false\">Odbor<\/div>\n\t\t\t\t\t\t\t<\/div>\n\t\t\t<div class=\"elementor-tabs-content-wrapper\" role=\"tablist\" aria-orientation=\"vertical\">\n\t\t\t\t\t\t\t\t\t<div class=\"elementor-tab-title elementor-tab-mobile-title\" aria-selected=\"true\" data-tab=\"1\" role=\"tab\" tabindex=\"0\" aria-controls=\"elementor-tab-content-1101\" aria-expanded=\"false\">Predsednik GZS<\/div>\n\t\t\t\t\t<div id=\"elementor-tab-content-1101\" class=\"elementor-tab-content elementor-clearfix\" data-tab=\"1\" role=\"tabpanel\" aria-labelledby=\"elementor-tab-title-1101\" tabindex=\"0\" hidden=\"false\"><p><strong>Predsednik Gimnasti\u010dne zveza Slovenije<\/strong><\/p><table><tbody><tr><td width=\"291\"><p><em>ime in priimek<\/em><\/p><\/td><td width=\"306\"><p><em>predlagatelj<\/em><\/p><\/td><\/tr><tr><td width=\"291\"><p><strong>mag. Damjan Kralj (<a href=\"http:\/\/www.gimnasticna-zveza.si\/wp-content\/uploads\/2021\/11\/Programska-izhodisca-kandidature-za-predsednika-GZS-sestanek.pdf\">program<\/a>)<\/strong><\/p><\/td><td width=\"306\"><p>Partizan Vi\u010d in IO GZS<\/p><\/td><\/tr><\/tbody><\/table><\/div>\n\t\t\t\t\t\t\t\t\t<div class=\"elementor-tab-title elementor-tab-mobile-title\" aria-selected=\"false\" data-tab=\"2\" role=\"tab\" tabindex=\"-1\" aria-controls=\"elementor-tab-content-1102\" aria-expanded=\"false\">Podpredsedniki GZS<\/div>\n\t\t\t\t\t<div id=\"elementor-tab-content-1102\" class=\"elementor-tab-content elementor-clearfix\" data-tab=\"2\" role=\"tabpanel\" aria-labelledby=\"elementor-tab-title-1102\" tabindex=\"0\" hidden=\"hidden\"><p><i><strong>Podpredsednik <\/strong><strong>Gimnasti\u010dne zveza Slovenije za gospodarsko \u2013 organizacijsko podro\u010dje<\/strong><\/i><\/p><table><tbody><tr><td width=\"291\"><p><em>ime in priimek<\/em><\/p><\/td><td width=\"306\"><p><em>predlagatelj<\/em><\/p><\/td><\/tr><tr><td width=\"291\"><p><strong>Alja\u017e Pegan\u00a0(<a href=\"http:\/\/www.gimnasticna-zveza.si\/wp-content\/uploads\/2021\/12\/PODPREDSEDNIK-GZS-ZA-GOSP.-ORG.-PODROCJE_Pegan-Aljaz.pdf\">program<\/a>)<\/strong><\/p><\/td><td width=\"306\"><p>IO GZS<\/p><\/td><\/tr><tr><td width=\"291\"><p><strong>Gaber Benedik (<a href=\"http:\/\/www.gimnasticna-zveza.si\/wp-content\/uploads\/2021\/12\/PODPREDSEDNIK-GZS-ZA-GOSP.-ORG.-PODROCJE_Benedik-Gaber.pdf\">program<\/a>)<\/strong><\/p><\/td><td width=\"306\"><p>\u0160D GIB \u0160I\u0160KA<\/p><\/td><\/tr><\/tbody><\/table><p><i><strong>\u00a0<\/strong><strong>Podpredsednik <\/strong><strong>Gimnasti\u010dne zveza Slovenije za strokovno podro\u010dje<\/strong><\/i><\/p><table><tbody><tr><td width=\"291\"><p><em>ime in priimek<\/em><\/p><\/td><td width=\"306\"><p><em>predlagatelj<\/em><\/p><\/td><\/tr><tr><td width=\"291\"><p><strong>dr. Edvard Kolar (<a href=\"http:\/\/www.gimnasticna-zveza.si\/wp-content\/uploads\/2021\/12\/PODPREDSEDNIK-ZA-STROKOVNO-PODROCJE_Kolar-Edvard.pdf\">program<\/a>)<\/strong><\/p><\/td><td width=\"306\"><p>Partizan Vi\u010d in IO GZS<\/p><\/td><\/tr><\/tbody><\/table><p><i><strong>Podpredsednik <\/strong><strong>Gimnasti\u010dne zveza Slovenije za stike z regijam<\/strong><\/i><\/p><table><tbody><tr><td width=\"291\"><p><em>ime in priimek<\/em><\/p><\/td><td width=\"306\"><p><em>predlagatelj<\/em><\/p><\/td><\/tr><tr><td width=\"291\"><p><strong>Alenka \u0160enk Erpi\u010d (<a href=\"http:\/\/www.gimnasticna-zveza.si\/wp-content\/uploads\/2021\/12\/PODPREDSEDNIK-GZS-ZA-STIKE-Z-REGIJAMI_Senk-Erpic-Alenka.pdf\">program<\/a>)<\/strong><\/p><\/td><td width=\"306\"><p>GD Novo mesto in IO GZS<\/p><\/td><\/tr><\/tbody><\/table><\/div>\n\t\t\t\t\t\t\t\t\t<div class=\"elementor-tab-title elementor-tab-mobile-title\" aria-selected=\"false\" data-tab=\"3\" role=\"tab\" tabindex=\"-1\" aria-controls=\"elementor-tab-content-1103\" aria-expanded=\"false\">\u010clani Izvr\u0161nega odbora GZS<\/div>\n\t\t\t\t\t<div id=\"elementor-tab-content-1103\" class=\"elementor-tab-content elementor-clearfix\" data-tab=\"3\" role=\"tabpanel\" aria-labelledby=\"elementor-tab-title-1103\" tabindex=\"0\" hidden=\"hidden\"><p><strong><em>Predstavnik vrhunskega \u0161porta<\/em><\/strong><\/p><table><tbody><tr><td width=\"291\"><p><em>ime in priimek<\/em><\/p><\/td><td width=\"306\"><p><em>predlagatelj<\/em><\/p><\/td><\/tr><tr><td width=\"291\"><p><strong>Sebastijan Pileti\u010d<\/strong><\/p><\/td><td width=\"306\"><p>IO GZS<\/p><\/td><\/tr><\/tbody><\/table><p><strong><em>Predstavnik gimnastike za vse<\/em><\/strong><\/p><table><tbody><tr><td width=\"291\"><p><em>ime in priimek<\/em><\/p><\/td><td width=\"306\"><p><em>predlagatelj<\/em><\/p><\/td><\/tr><tr><td width=\"291\"><p><strong>Jerneja Fi\u0161er Kurnik<\/strong><\/p><\/td><td width=\"306\"><p>\u0160D Center Maribor<\/p><\/td><\/tr><tr><td width=\"291\"><p><strong>Tanja Ploj<\/strong><\/p><\/td><td width=\"306\"><p>KRG Narodni dom Ljubljana in IO GZS<\/p><\/td><\/tr><\/tbody><\/table><p><strong><em>Predstavnik regij<a href=\"#_ftn1\" name=\"_ftnref1\">[1]<\/a><\/em><\/strong><\/p><table><tbody><tr><td width=\"291\"><p><em>ime in priimek<\/em><\/p><\/td><td width=\"306\"><p><em>predlagatelj<\/em><\/p><\/td><\/tr><tr><td width=\"291\"><p><strong>Alenka \u0160enk Erpi\u010d<\/strong><a href=\"#_ftn2\" name=\"_ftnref2\"><strong>[2]<\/strong><\/a><\/p><\/td><td width=\"306\"><p>GD Novo mesto in IO GZS<\/p><\/td><\/tr><tr><td width=\"291\"><p><strong>mag. Klemen Bedenik<\/strong><\/p><\/td><td width=\"306\"><p>\u0160D Center Maribor<\/p><\/td><\/tr><tr><td width=\"291\"><p><strong>Ur\u0161a Jakin<\/strong><\/p><\/td><td width=\"306\"><p>\u0160K Salto Koper in IO GZS<\/p><\/td><\/tr><tr><td width=\"291\"><p><strong>Peter Frumen<\/strong><\/p><\/td><td width=\"306\"><p>\u0160D Ru\u0161e<\/p><\/td><\/tr><\/tbody><\/table><p><strong><em>Predstavnik aktivnih \u0161portnikov<\/em><\/strong><\/p><table><tbody><tr><td width=\"291\"><p><em>ime in priimek<\/em><\/p><\/td><td width=\"306\"><p><em>predlagatelj<\/em><\/p><\/td><\/tr><tr><td width=\"291\"><p><strong>Luka Bojanc<\/strong><\/p><\/td><td width=\"306\"><p>IO GZS<\/p><\/td><\/tr><tr><td width=\"291\"><p><strong>Teja Belak<\/strong><\/p><\/td><td width=\"306\"><p>GD Zelena jama<\/p><\/td><\/tr><\/tbody><\/table><p><strong><em>Predsednik Odbora za gospodarske dejavnost<\/em><\/strong><\/p><table><tbody><tr><td width=\"291\"><p><em>ime in priimek<\/em><\/p><\/td><td width=\"306\"><p><em>predlagatelj<\/em><\/p><\/td><\/tr><tr><td width=\"291\"><p><strong>Sa\u0161o Bertoncelj<\/strong><\/p><\/td><td width=\"306\"><p>IO GZS<\/p><\/td><\/tr><tr><td width=\"291\"><p><strong>Viktor Lovren\u010di\u010d<\/strong><\/p><\/td><td width=\"306\"><p>\u0160D Moste<\/p><\/td><\/tr><\/tbody><\/table><p><a href=\"#_ftnref1\" name=\"_ftn1\">[1]<\/a> volita se dva kandidata<\/p><p><a href=\"#_ftnref2\" name=\"_ftn2\">[2]<\/a> v primeru izvolitve za mesto \u00bbPodpredsednik Gimnasti\u010dne zveza Slovenije za stike z regijam\u00ab, se kandidatura kandidatke za predstavnico regij umakne<\/p><\/div>\n\t\t\t\t\t\t\t\t\t<div class=\"elementor-tab-title elementor-tab-mobile-title\" aria-selected=\"false\" data-tab=\"4\" role=\"tab\" tabindex=\"-1\" aria-controls=\"elementor-tab-content-1104\" aria-expanded=\"false\">Nadzorni odbor GZS<\/div>\n\t\t\t\t\t<div id=\"elementor-tab-content-1104\" class=\"elementor-tab-content elementor-clearfix\" data-tab=\"4\" role=\"tabpanel\" aria-labelledby=\"elementor-tab-title-1104\" tabindex=\"0\" hidden=\"hidden\"><p><strong>NADZORNI ODBOR GIMNASTI\u010cNE ZVEZE SLOVENIJE<\/strong><\/p><table><tbody><tr><td width=\"291\"><p><em>ime in priimek<\/em><\/p><\/td><td width=\"306\"><p><em>predlagatelj<\/em><\/p><\/td><\/tr><tr><td width=\"291\"><p><strong>Ana Rebov<\/strong><\/p><\/td><td width=\"306\"><p>KRG Narodni dom Ljubljana<\/p><\/td><\/tr><tr><td width=\"291\"><p><strong>Gorazd Podbev\u0161ek<\/strong><\/p><\/td><td width=\"306\"><p>KRG TiM in IO GZS<\/p><\/td><\/tr><tr><td width=\"291\"><p><strong>dr. Peter Glavi\u010d<\/strong><\/p><\/td><td width=\"306\"><p>\u0160D Ru\u0161e<\/p><\/td><\/tr><\/tbody><\/table><p><br \/><br \/><\/p><\/div>\n\t\t\t\t\t\t\t\t\t<div class=\"elementor-tab-title elementor-tab-mobile-title\" aria-selected=\"false\" data-tab=\"5\" role=\"tab\" tabindex=\"-1\" aria-controls=\"elementor-tab-content-1105\" aria-expanded=\"false\">Disciplinska komisija GZS<\/div>\n\t\t\t\t\t<div id=\"elementor-tab-content-1105\" class=\"elementor-tab-content elementor-clearfix\" data-tab=\"5\" role=\"tabpanel\" aria-labelledby=\"elementor-tab-title-1105\" tabindex=\"0\" hidden=\"hidden\"><p><strong>DISCIPLINSKA KOMISIJA GIMNASTI\u010cNE ZVEZE SLOVENIJE<\/strong><\/p><table><tbody><tr><td width=\"291\"><p><em>ime in priimek<\/em><\/p><\/td><td width=\"306\"><p><em>predlagatelj<\/em><\/p><\/td><\/tr><tr><td width=\"291\"><p><strong>Ur\u0161a Cvetko Rebov<\/strong><\/p><\/td><td width=\"306\"><p>IO GZS<\/p><\/td><\/tr><\/tbody><\/table><\/div>\n\t\t\t\t\t\t\t\t\t<div class=\"elementor-tab-title elementor-tab-mobile-title\" aria-selected=\"false\" data-tab=\"6\" role=\"tab\" tabindex=\"-1\" aria-controls=\"elementor-tab-content-1106\" aria-expanded=\"false\">Pano\u017eni odbori GZS<\/div>\n\t\t\t\t\t<div id=\"elementor-tab-content-1106\" class=\"elementor-tab-content elementor-clearfix\" data-tab=\"6\" role=\"tabpanel\" aria-labelledby=\"elementor-tab-title-1106\" tabindex=\"0\" hidden=\"hidden\"><p><strong><em>Predsednik Strokovnega odbora mo\u0161ke \u0161portne gimnastika<\/em><\/strong><\/p><table><tbody><tr><td width=\"291\"><p><em>ime in priimek<\/em><\/p><\/td><td width=\"306\"><p><em>predlagatelj<\/em><\/p><\/td><\/tr><tr><td width=\"291\"><p><strong>Alja\u017e Vogrinec (<a href=\"http:\/\/www.gimnasticna-zveza.si\/wp-content\/uploads\/2021\/12\/SO-MSG_program_Aljaz-Vogrincic.pdf\">program<\/a>)<\/strong><\/p><\/td><td width=\"306\"><p>\u0160D Center Maribor in IO GZS<\/p><\/td><\/tr><\/tbody><\/table><p><strong><em>Predsednik Strokovnega odbora \u017eenske \u0161portne gimnastika<\/em><\/strong><\/p><table><tbody><tr><td width=\"291\"><p><em>ime in priimek<\/em><\/p><\/td><td width=\"306\"><p><em>predlagatelj<\/em><\/p><\/td><\/tr><tr><td width=\"291\"><p><strong>mag. Klemen Bedenik (<a href=\"http:\/\/www.gimnasticna-zveza.si\/wp-content\/uploads\/2021\/12\/SO-ZSG_program_Klemen-Bedenik.pdf\">program<\/a>)<\/strong><\/p><\/td><td width=\"306\"><p>posameznik<\/p><\/td><\/tr><\/tbody><\/table><p><strong><em>Predsednik Strokovnega odbora ritmi\u010dne gimnastike<\/em><\/strong><\/p><table><tbody><tr><td width=\"291\"><p><em>ime in priimek<\/em><\/p><\/td><td width=\"306\"><p><em>predlagatelj<\/em><\/p><\/td><\/tr><tr><td width=\"291\"><p><strong>Alena Yakubouskaya (<a href=\"http:\/\/www.gimnasticna-zveza.si\/wp-content\/uploads\/2021\/12\/SO-RG_program_Alena-Yakubouskaya.pdf\">program<\/a>)<\/strong><\/p><\/td><td width=\"306\"><p>Posameznik in IO GZS<\/p><\/td><\/tr><tr><td width=\"291\"><p><strong>Mojca Rode (<a href=\"http:\/\/www.gimnasticna-zveza.si\/wp-content\/uploads\/2021\/12\/SO-RG_program_Mojca-Rode.pdf\">program<\/a>)<\/strong><\/p><\/td><td width=\"306\"><p>KRG TiM<\/p><\/td><\/tr><\/tbody><\/table><p><strong><em>Predsednik Strokovnega odbora za aerobiko<\/em><\/strong><\/p><table><tbody><tr><td width=\"597\"><p><strong>ni kandidata<\/strong><\/p><\/td><\/tr><\/tbody><\/table><p><strong><em>Predsednik Strokovnega odbora gimnastike za vse<\/em><\/strong><\/p><table><tbody><tr><td width=\"291\"><p><em>ime in priimek<\/em><\/p><\/td><td width=\"306\"><p><em>predlagatelj<\/em><\/p><\/td><\/tr><tr><td width=\"291\"><p><strong>\u0160pela Vasi\u0107 Stepan\u010di\u010d (<a href=\"http:\/\/www.gimnasticna-zveza.si\/wp-content\/uploads\/2021\/12\/SO-GzV_program_Spela-Vasic-Stepancic.pdf\">program<\/a>)<\/strong><\/p><\/td><td width=\"306\"><p>\u0160K Salto Koper in IO GZS<\/p><\/td><\/tr><\/tbody><\/table><p><strong><em>Predsednik Strokovnega odbora za \u0161portno akrobatiko<\/em><\/strong><\/p><table><tbody><tr><td width=\"291\"><p><em>ime in priimek<\/em><\/p><\/td><td width=\"306\"><p><em>predlagatelj<\/em><\/p><\/td><\/tr><tr><td width=\"291\"><p><strong>Boris Pregelj (<a href=\"http:\/\/www.gimnasticna-zveza.si\/wp-content\/uploads\/2021\/12\/SO-AKRO_program_Boris-Pregelj.pdf\">program<\/a>)<\/strong><\/p><\/td><td width=\"306\"><p>posameznik<\/p><\/td><\/tr><tr><td width=\"291\"><p><strong>Ur\u0161a Vrbec (<a href=\"http:\/\/www.gimnasticna-zveza.si\/wp-content\/uploads\/2021\/12\/SO-AKRO_program_Ursa-Vrbec.pdf\">program<\/a>)<\/strong><\/p><\/td><td width=\"306\"><p>\u0160D Partizan Ren\u010de in IO GZS<\/p><\/td><\/tr><\/tbody><\/table><\/div>\n\t\t\t\t\t\t\t\t\t<div class=\"elementor-tab-title elementor-tab-mobile-title\" aria-selected=\"false\" data-tab=\"7\" role=\"tab\" tabindex=\"-1\" aria-controls=\"elementor-tab-content-1107\" aria-expanded=\"false\">Odbor<\/div>\n\t\t\t\t\t<div id=\"elementor-tab-content-1107\" class=\"elementor-tab-content elementor-clearfix\" data-tab=\"7\" role=\"tabpanel\" aria-labelledby=\"elementor-tab-title-1107\" tabindex=\"0\" hidden=\"hidden\"><p><strong>ODBOR ZA ORGANIZACIJO, NAGRADE IN PRIZNANJA<\/strong><\/p><p>\u00a0<\/p><p><strong><em>Predsednik Odbora za organizacijo, nagrade in priznanja<\/em><\/strong><\/p><table><tbody><tr><td width=\"597\"><p><strong>ni kandidata<\/strong><\/p><\/td><\/tr><\/tbody><\/table><p>\u00a0<\/p><\/div>\n\t\t\t\t\t\t\t<\/div>\n\t\t<\/div>\n\t\t\t\t\t\t<\/div>\n\t\t\t\t<\/div>\n\t\t\t\t\t<\/div>\n\t\t<\/div>\n\t\t\t\t\t<\/div>\n\t\t<\/section>\n\t\t\t\t<section class=\"elementor-section elementor-top-section elementor-element elementor-element-9f3505e elementor-section-boxed elementor-section-height-default elementor-section-height-default\" data-id=\"9f3505e\" data-element_type=\"section\" data-e-type=\"section\">\n\t\t\t\t\t\t<div class=\"elementor-container elementor-column-gap-default\">\n\t\t\t\t\t<div class=\"elementor-column elementor-col-100 elementor-top-column elementor-element elementor-element-1df4cbf\" data-id=\"1df4cbf\" data-element_type=\"column\" data-e-type=\"column\">\n\t\t\t<div class=\"elementor-widget-wrap elementor-element-populated\">\n\t\t\t\t\t\t<div class=\"elementor-element elementor-element-fd86bdb elementor-widget elementor-widget-spacer\" data-id=\"fd86bdb\" data-element_type=\"widget\" data-e-type=\"widget\" data-widget_type=\"spacer.default\">\n\t\t\t\t<div class=\"elementor-widget-container\">\n\t\t\t\t\t\t\t<div class=\"elementor-spacer\">\n\t\t\t<div class=\"elementor-spacer-inner\"><\/div>\n\t\t<\/div>\n\t\t\t\t\t\t<\/div>\n\t\t\t\t<\/div>\n\t\t\t\t\t<\/div>\n\t\t<\/div>\n\t\t\t\t\t<\/div>\n\t\t<\/section>\n\t\t\t\t<section class=\"elementor-section elementor-top-section elementor-element elementor-element-4c10849 elementor-section-boxed elementor-section-height-default elementor-section-height-default\" data-id=\"4c10849\" data-element_type=\"section\" data-e-type=\"section\">\n\t\t\t\t\t\t<div class=\"elementor-container elementor-column-gap-default\">\n\t\t\t\t\t<div class=\"elementor-column elementor-col-100 elementor-top-column elementor-element elementor-element-41b66fe\" data-id=\"41b66fe\" data-element_type=\"column\" data-e-type=\"column\">\n\t\t\t<div class=\"elementor-widget-wrap elementor-element-populated\">\n\t\t\t\t\t\t<div class=\"elementor-element elementor-element-ad347be elementor-widget elementor-widget-heading\" data-id=\"ad347be\" data-element_type=\"widget\" data-e-type=\"widget\" data-widget_type=\"heading.default\">\n\t\t\t\t<div class=\"elementor-widget-container\">\n\t\t\t\t\t<h4 class=\"elementor-heading-title elementor-size-default\">Datoteke<\/h4>\t\t\t\t<\/div>\n\t\t\t\t<\/div>\n\t\t\t\t\t<\/div>\n\t\t<\/div>\n\t\t\t\t\t<\/div>\n\t\t<\/section>\n\t\t\t\t<section class=\"elementor-section elementor-top-section elementor-element elementor-element-06f2f43 elementor-section-boxed elementor-section-height-default elementor-section-height-default\" data-id=\"06f2f43\" data-element_type=\"section\" data-e-type=\"section\">\n\t\t\t\t\t\t<div class=\"elementor-container elementor-column-gap-default\">\n\t\t\t\t\t<div class=\"elementor-column elementor-col-100 elementor-top-column elementor-element elementor-element-0a3eb97\" data-id=\"0a3eb97\" data-element_type=\"column\" data-e-type=\"column\">\n\t\t\t<div class=\"elementor-widget-wrap elementor-element-populated\">\n\t\t\t\t\t\t<div class=\"elementor-element elementor-element-f63c41f elementor-widget elementor-widget-text-editor\" data-id=\"f63c41f\" data-element_type=\"widget\" data-e-type=\"widget\" data-widget_type=\"text-editor.default\">\n\t\t\t\t<div class=\"elementor-widget-container\">\n\t\t\t\t\t\t\t\t\t<ul><li><a href=\"http:\/\/www.gimnasticna-zveza.si\/wp-content\/uploads\/2021\/11\/00_vabilo_6-volilna-seja-skupscine.pdf\">vabilo na 6. volilno Skup\u0161\u010dino Gimnasti\u010dne zveze Slovenije<\/a>,<\/li><li><a href=\"http:\/\/www.gimnasticna-zveza.si\/wp-content\/uploads\/2021\/11\/04_zapisnik-5-skupscine-gzs_07_07_2021.pdf\">zapisnik 5. spletne Skup\u0161\u010dine Gimnasti\u010dne zveze Slovenije<\/a>,<\/li><li><a href=\"http:\/\/www.gimnasticna-zveza.si\/wp-content\/uploads\/2021\/11\/06_kandidatna-lista-za-6-volilno-skupscino-GZS.pdf\">kandidatna lista za volitve v organe Gimnasti\u010dne zveze Slovenije<\/a>.<\/li><\/ul>\t\t\t\t\t\t\t\t<\/div>\n\t\t\t\t<\/div>\n\t\t\t\t\t<\/div>\n\t\t<\/div>\n\t\t\t\t\t<\/div>\n\t\t<\/section>\n\t\t\t\t<\/div>\n\t\t","protected":false},"excerpt":{"rendered":"<p>Predsednik GZS po sklepu IO GZS, sprejetim na 26. koresponden\u010dni<span class=\"excerpt-hellip\"> [\u2026]<\/span><\/p>\n","protected":false},"author":3,"featured_media":0,"parent":0,"menu_order":0,"comment_status":"closed","ping_status":"closed","template":"","meta":{"_monsterinsights_skip_tracking":false,"_monsterinsights_sitenote_active":false,"_monsterinsights_sitenote_note":"","_monsterinsights_sitenote_category":0,"footnotes":""},"class_list":["post-3504","page","type-page","status-publish","hentry"],"_links":{"self":[{"href":"https:\/\/www.gimnasticna-zveza.si\/index.php\/wp-json\/wp\/v2\/pages\/3504","targetHints":{"allow":["GET"]}}],"collection":[{"href":"https:\/\/www.gimnasticna-zveza.si\/index.php\/wp-json\/wp\/v2\/pages"}],"about":[{"href":"https:\/\/www.gimnasticna-zveza.si\/index.php\/wp-json\/wp\/v2\/types\/page"}],"author":[{"embeddable":true,"href":"https:\/\/www.gimnasticna-zveza.si\/index.php\/wp-json\/wp\/v2\/users\/3"}],"replies":[{"embeddable":true,"href":"https:\/\/www.gimnasticna-zveza.si\/index.php\/wp-json\/wp\/v2\/comments?post=3504"}],"version-history":[{"count":34,"href":"https:\/\/www.gimnasticna-zveza.si\/index.php\/wp-json\/wp\/v2\/pages\/3504\/revisions"}],"predecessor-version":[{"id":3574,"href":"https:\/\/www.gimnasticna-zveza.si\/index.php\/wp-json\/wp\/v2\/pages\/3504\/revisions\/3574"}],"wp:attachment":[{"href":"https:\/\/www.gimnasticna-zveza.si\/index.php\/wp-json\/wp\/v2\/media?parent=3504"}],"curies":[{"name":"wp","href":"https:\/\/api.w.org\/{rel}","templated":true}]}}