{"id":2150,"date":"2021-02-26T16:07:17","date_gmt":"2021-02-26T15:07:17","guid":{"rendered":"http:\/\/www.gimnasticna-zveza.si\/?page_id=2150"},"modified":"2021-02-26T16:17:43","modified_gmt":"2021-02-26T15:17:43","slug":"erasmus-projekt-family-in-gymnastics-famnastics","status":"publish","type":"page","link":"https:\/\/www.gimnasticna-zveza.si\/index.php\/erasmus-projekt-family-in-gymnastics-famnastics\/","title":{"rendered":"Erasmus+ projekt &#8220;Family in Gymnastics &#8211; Famnastics&#8221;"},"content":{"rendered":"\t\t<div data-elementor-type=\"wp-page\" data-elementor-id=\"2150\" class=\"elementor elementor-2150\" data-elementor-post-type=\"page\">\n\t\t\t\t\t\t<section class=\"elementor-section elementor-top-section elementor-element elementor-element-60d2fab elementor-section-boxed elementor-section-height-default elementor-section-height-default\" data-id=\"60d2fab\" data-element_type=\"section\">\n\t\t\t\t\t\t<div class=\"elementor-container elementor-column-gap-default\">\n\t\t\t\t\t<div class=\"elementor-column elementor-col-100 elementor-top-column elementor-element elementor-element-aa431ef\" data-id=\"aa431ef\" data-element_type=\"column\">\n\t\t\t<div class=\"elementor-widget-wrap elementor-element-populated\">\n\t\t\t\t\t\t<div class=\"elementor-element elementor-element-6407abe elementor-widget elementor-widget-spacer\" data-id=\"6407abe\" data-element_type=\"widget\" data-widget_type=\"spacer.default\">\n\t\t\t\t<div class=\"elementor-widget-container\">\n\t\t\t\t\t\t\t<div class=\"elementor-spacer\">\n\t\t\t<div class=\"elementor-spacer-inner\"><\/div>\n\t\t<\/div>\n\t\t\t\t\t\t<\/div>\n\t\t\t\t<\/div>\n\t\t\t\t\t<\/div>\n\t\t<\/div>\n\t\t\t\t\t<\/div>\n\t\t<\/section>\n\t\t\t\t<section class=\"elementor-section elementor-top-section elementor-element elementor-element-06eb232 elementor-section-boxed elementor-section-height-default elementor-section-height-default\" data-id=\"06eb232\" data-element_type=\"section\">\n\t\t\t\t\t\t<div class=\"elementor-container elementor-column-gap-default\">\n\t\t\t\t\t<div class=\"elementor-column elementor-col-100 elementor-top-column elementor-element elementor-element-054476a\" data-id=\"054476a\" data-element_type=\"column\">\n\t\t\t<div class=\"elementor-widget-wrap elementor-element-populated\">\n\t\t\t\t\t\t<div class=\"elementor-element elementor-element-617c68c elementor-widget elementor-widget-text-editor\" data-id=\"617c68c\" data-element_type=\"widget\" data-widget_type=\"text-editor.default\">\n\t\t\t\t<div class=\"elementor-widget-container\">\n\t\t\t\t\t\t\t\t\t<h4>Erasmus+ projekt &#8220;Family in Gymnastics &#8211; Famnastics&#8221;<\/h4><p>Gimnasti\u010dna zveza Slovenije se je kot partner pridru\u017eila k Erasmus+ projektu z naslovom \u201cFamily in Gymnastics \u2013 Famnastics\u201d.<\/p><p>V partnerstvu z Gimnasti\u010dnim klubom Marjan iz Splita, Hra\u0161ka in Sokolskim dru\u0161tvom Vojvodina iz Novega Sada, Srbija v dvoletnem obdobju od 1. 1. 2021 do 31. 12. 2022 bo pripravljen in izvajanj dru\u017einski program gimnastike, ki bo na platformi evropskih smernic za zdravo \u017eivljenje in prepre\u010devanje zdravja otrok in odraslih promoviral gimnastiko kot \u0161port socializacije najmlaj\u0161ih do najstarej\u0161ih dru\u017einskih \u010dlanov.<\/p><p>Famnastics bo zdru\u017eila otroke, stare od 3 do 6 let, s star\u0161i ali starimi star\u0161i (60+). Evropska komisija je idejo o projektu Famnastics prepoznala kot orodje za socialno vklju\u010denost, ki bo okrepilo vezi znotraj ene dru\u017eine in med drugimi vklju\u010denimi dru\u017einami za skupno vadbo. Gimnastika bo povezala, ustvarila skupni interes, ustvarila odnose in navade, razvila medsebojno zaupanje in komunikacijo, ob\u010dutek medsebojne podpore, spremenila dru\u017einski \u010das v \u010das dru\u017eine! Famnastiks krepi \u010dustvene povezave, pove\u010duje telesno pripravljenost, spodbuja vso dru\u017eino k postavljanju in doseganju skupnih ciljev ter krepi ob\u010dutek skupnosti in timskega dela. Pod vodstvom poklicnih trenerjev se namesto \u201enaredi, kar ti re\u010dem\u201c razvije model \u201enaredi, kar po\u010dnem\u201c.<\/p><p>Z zasnovo tega projekta \u017eeli Gimnasti\u010dni klub Marjan skupaj z izku\u0161enimi in uveljavljenimi partnerji v gimnastiki spremeniti najbolj\u0161e prakse in medsebojne izku\u0161nje s spodbujanjem drugih okolij in kultur k dru\u017eenju in njenim koristim. Cilj je \u010dezmejno sodelovanje, izvedba in uveljavitev koristnega projekta, ki prina\u0161a \u0161tevilne koristi in malo stane, razen dobre volje in sodobnega pristopa k prepre\u010devanju in ohranjanju fizi\u010dnega, du\u0161evnega in socialnega zdravja.<\/p><p><strong>Nosilec projekta:<\/strong><\/p><ul><li><a href=\"https:\/\/gkmarjan.hr\/\">Gimnasti\u010dni klub Marjan, Split, Hrva\u0161ka<\/a><\/li><\/ul><p><strong>Projektni partnerji:<\/strong><\/p><ul><li>Gimnasti\u010dna zveza Slovenije, Ljubljana, Slovenija,<\/li><li><a href=\"https:\/\/www.gimnastika-ns.rs\/\">Sokolsko dru\u0161tvo Vojvodina, Novi Sad, Srbija<\/a>.<\/li><\/ul><p><a href=\"https:\/\/www.facebook.com\/Famnastics\/\">Projekt lahko spremljate na Facebook strani projekta<\/a>\u00a0in na podstrani Gimnasti\u010dne zveze Slovenije.<\/p><p><em>Izjava o omejitvi odgovornosti:<br \/>Podpora Evropske komisije pri izdelavi te publikacije na spletnem mestu ne pomeni podpore vsebinam, ki odra\u017eajo samo stali\u0161\u010da avtorjev in Komisija ne more biti odgovorna za kakr\u0161no koli uporabo informacij, ki jih vsebuje.<\/em><\/p>\t\t\t\t\t\t\t\t<\/div>\n\t\t\t\t<\/div>\n\t\t\t\t\t<\/div>\n\t\t<\/div>\n\t\t\t\t\t<\/div>\n\t\t<\/section>\n\t\t\t\t<\/div>\n\t\t","protected":false},"excerpt":{"rendered":"<p>Erasmus+ projekt &#8220;Family in Gymnastics &#8211; Famnastics&#8221; Gimnasti\u010dna zveza Slovenije<span class=\"excerpt-hellip\"> [\u2026]<\/span><\/p>\n","protected":false},"author":3,"featured_media":0,"parent":0,"menu_order":0,"comment_status":"closed","ping_status":"closed","template":"","meta":{"_monsterinsights_skip_tracking":false,"_monsterinsights_sitenote_active":false,"_monsterinsights_sitenote_note":"","_monsterinsights_sitenote_category":0,"footnotes":""},"class_list":["post-2150","page","type-page","status-publish","hentry"],"_links":{"self":[{"href":"https:\/\/www.gimnasticna-zveza.si\/index.php\/wp-json\/wp\/v2\/pages\/2150","targetHints":{"allow":["GET"]}}],"collection":[{"href":"https:\/\/www.gimnasticna-zveza.si\/index.php\/wp-json\/wp\/v2\/pages"}],"about":[{"href":"https:\/\/www.gimnasticna-zveza.si\/index.php\/wp-json\/wp\/v2\/types\/page"}],"author":[{"embeddable":true,"href":"https:\/\/www.gimnasticna-zveza.si\/index.php\/wp-json\/wp\/v2\/users\/3"}],"replies":[{"embeddable":true,"href":"https:\/\/www.gimnasticna-zveza.si\/index.php\/wp-json\/wp\/v2\/comments?post=2150"}],"version-history":[{"count":4,"href":"https:\/\/www.gimnasticna-zveza.si\/index.php\/wp-json\/wp\/v2\/pages\/2150\/revisions"}],"predecessor-version":[{"id":2160,"href":"https:\/\/www.gimnasticna-zveza.si\/index.php\/wp-json\/wp\/v2\/pages\/2150\/revisions\/2160"}],"wp:attachment":[{"href":"https:\/\/www.gimnasticna-zveza.si\/index.php\/wp-json\/wp\/v2\/media?parent=2150"}],"curies":[{"name":"wp","href":"https:\/\/api.w.org\/{rel}","templated":true}]}}